{"id":332,"date":"2026-04-23T17:56:10","date_gmt":"2026-04-23T17:56:10","guid":{"rendered":"https:\/\/donduongevent.com\/?page_id=332"},"modified":"2026-04-23T19:38:04","modified_gmt":"2026-04-23T19:38:04","slug":"thue-tho-chup-anh-theo-gio-tphcm","status":"publish","type":"page","link":"https:\/\/donduongevent.com\/?page_id=332","title":{"rendered":"THU\u00ca TH\u1ee2 CH\u1ee4P \u1ea2NH HCM"},"content":{"rendered":"\n<div style=\"height:37px\" aria-hidden=\"true\" class=\"wp-block-spacer\"><\/div>\n\n\n\n<div class=\"wp-block-uagb-container uagb-block-ae1c6fd0 alignfull uagb-is-root-container\"><div class=\"uagb-container-inner-blocks-wrap\">\n<div class=\"wp-block-uagb-container uagb-block-395fff4c\">\n<div class=\"wp-block-uagb-image aligncenter uagb-block-a839fa0e wp-block-uagb-image--layout-default wp-block-uagb-image--effect-static wp-block-uagb-image--align-center\"><figure class=\"wp-block-uagb-image__figure\"><img decoding=\"async\" srcset=\"https:\/\/donduongevent.com\/wp-content\/uploads\/2026\/04\/pexels-soldiervip-6744218-683x1024.jpg ,https:\/\/donduongevent.com\/wp-content\/uploads\/2026\/04\/pexels-soldiervip-6744218-scaled.jpg 780w, https:\/\/donduongevent.com\/wp-content\/uploads\/2026\/04\/pexels-soldiervip-6744218-scaled.jpg 360w\" sizes=\"auto, (max-width: 480px) 150px\" src=\"https:\/\/donduongevent.com\/wp-content\/uploads\/2026\/04\/pexels-soldiervip-6744218-683x1024.jpg\" alt=\"\" class=\"uag-image-348\" width=\"429\" height=\"642\" title=\"pexels-soldiervip-6744218\" loading=\"lazy\" role=\"img\"\/><\/figure><\/div>\n<\/div>\n\n\n\n<div class=\"wp-block-uagb-container uagb-block-82dd600b\">\n<div class=\"wp-block-uagb-container uagb-block-9fd85f54\">\n<div class=\"wp-block-uagb-advanced-heading uagb-block-8182c857\"><h1 class=\"uagb-heading-text\"><strong>D\u1ecaCH V\u1ee4 THU\u00ca TH\u1ee2 CH\u1ee4P \u1ea2NH HCM CHUY\u00caN NGHI\u1ec6P<\/strong><\/h1><\/div>\n\n\n\n<p>N\u1ebfu b\u1ea1n \u0111ang t\u00ecm ki\u1ebfm th\u1ee3 ch\u1ee5p h\u00ecnh t\u1ea1i TPHCM, <strong>DonDuong Event<\/strong> l\u00e0 \u0111\u01a1n v\u1ecb cung c\u1ea5p nhi\u1ebfp \u1ea3nh gia chuy\u00ean nghi\u1ec7p, uy t\u00edn, ho\u1ea1t \u0111\u1ed9ng t\u1eeb n\u0103m 2019. Ch\u00fang t\u00f4i chuy\u00ean cung c\u1ea5p d\u1ecbch v\u1ee5 thu\u00ea th\u1ee3 ch\u1ee5p \u1ea3nh theo gi\u1edd HCM cho nhi\u1ec1u nhu c\u1ea7u kh\u00e1c nhau nh\u01b0 ch\u1ee5p \u1ea3nh s\u1ef1 ki\u1ec7n, c\u00e1 nh\u00e2n, doanh nghi\u1ec7p, lookbook, ch\u1ee5p s\u1ea3n ph\u1ea9m v\u00e0 c\u00e1c bu\u1ed5i ch\u1ee5p k\u1ef7 ni\u1ec7m. V\u1edbi \u0111\u1ed9i ng\u0169 nhi\u1ebfp \u1ea3nh gia gi\u00e0u kinh nghi\u1ec7m, DonDuong Event cam k\u1ebft mang \u0111\u1ebfn h\u00ecnh \u1ea3nh ch\u1ea5t l\u01b0\u1ee3ng cao, b\u1ed1 c\u1ee5c \u0111\u1eb9p v\u00e0 b\u1eaft tr\u1ecdn kho\u1ea3nh kh\u1eafc t\u1ef1 nhi\u00ean.<\/p>\n\n\n\n<p>D\u1ecbch v\u1ee5 thu\u00ea th\u1ee3 ch\u1ee5p \u1ea3nh theo gi\u1edd c\u1ee7a ch\u00fang t\u00f4i linh ho\u1ea1t v\u1ec1 th\u1eddi gian, chi ph\u00ed h\u1ee3p l\u00fd, ph\u00f9 h\u1ee3p cho c\u1ea3 nhu c\u1ea7u ng\u1eafn h\u1ea1n v\u00e0 d\u00e0i h\u1ea1n. Kh\u00e1ch h\u00e0ng c\u00f3 th\u1ec3 d\u1ec5 d\u00e0ng l\u1ef1a ch\u1ecdn g\u00f3i d\u1ecbch v\u1ee5 ph\u00f9 h\u1ee3p v\u1edbi m\u1ee5c \u0111\u00edch s\u1eed d\u1ee5ng m\u00e0 v\u1eabn \u0111\u1ea3m b\u1ea3o ch\u1ea5t l\u01b0\u1ee3ng h\u00ecnh \u1ea3nh chuy\u00ean nghi\u1ec7p.<\/p>\n\n\n\n<div class=\"wp-block-uagb-container uagb-block-776cef47 alignfull uagb-is-root-container\"><div class=\"uagb-container-inner-blocks-wrap\">\n<div class=\"wp-block-uagb-container uagb-block-9f5b9783\">\n<div class=\"wp-block-uagb-buttons uagb-buttons__outer-wrap uagb-btn__default-btn uagb-btn-tablet__default-btn uagb-btn-mobile__default-btn uagb-block-d67b3d6e\"><div class=\"uagb-buttons__wrap uagb-buttons-layout-wrap \">\n<div class=\"wp-block-uagb-buttons-child uagb-buttons__outer-wrap uagb-block-a1233358 wp-block-button\"><div class=\"uagb-button__wrapper\"><a class=\"uagb-buttons-repeater wp-block-button__link\" aria-label=\"\" href=\"#\" rel=\"follow noopener\" target=\"_self\" role=\"button\"><div class=\"uagb-button__link\">Click Here<\/div><\/a><\/div><\/div>\n<\/div><\/div>\n<\/div>\n\n\n\n<div class=\"wp-block-uagb-container uagb-block-f993afd4\">\n<div class=\"wp-block-uagb-buttons uagb-buttons__outer-wrap uagb-btn__default-btn uagb-btn-tablet__default-btn uagb-btn-mobile__default-btn uagb-block-9ab83875\"><div class=\"uagb-buttons__wrap uagb-buttons-layout-wrap \">\n<div class=\"wp-block-uagb-buttons-child uagb-buttons__outer-wrap uagb-block-7ac66594 wp-block-button\"><div class=\"uagb-button__wrapper\"><a class=\"uagb-buttons-repeater wp-block-button__link\" aria-label=\"\" href=\"#\" rel=\"follow noopener\" target=\"_self\" role=\"button\"><div class=\"uagb-button__link\">Click Here<\/div><\/a><\/div><\/div>\n<\/div><\/div>\n<\/div>\n<\/div><\/div>\n<\/div>\n<\/div>\n<\/div><\/div>\n\n\n\n<div style=\"height:34px\" aria-hidden=\"true\" class=\"wp-block-spacer\"><\/div>\n\n\n\n<div class=\"wp-block-uagb-container uagb-block-de443622 alignfull uagb-is-root-container\"><div class=\"uagb-container-inner-blocks-wrap\">\n<div class=\"wp-block-uagb-container uagb-block-cb974c6b\">\n<div class=\"wp-block-uagb-advanced-heading uagb-block-288d8724\"><h2 class=\"uagb-heading-text\"><strong>D\u1ecaCH V\u1ee4 THU\u00ca TH\u1ee2 CH\u1ee4P \u1ea2NH HCM THEO GI\u1edc L\u00c0 G\u00cc?<\/strong><\/h2><\/div>\n\n\n\n<p><strong>D\u1ecbch v\u1ee5 thu\u00ea th\u1ee3 ch\u1ee5p \u1ea3nh theo gi\u1edd<\/strong> l\u00e0 h\u00ecnh th\u1ee9c thu\u00ea nhi\u1ebfp \u1ea3nh gia l\u00e0m vi\u1ec7c trong m\u1ed9t kho\u1ea3ng th\u1eddi gian nh\u1ea5t \u0111\u1ecbnh (t\u00ednh theo gi\u1edd) thay v\u00ec thu\u00ea tr\u1ecdn g\u00f3i theo bu\u1ed5i ho\u1eb7c theo d\u1ef1 \u00e1n d\u00e0i. Trong th\u1eddi gian thu\u00ea, nhi\u1ebfp \u1ea3nh gia s\u1ebd th\u1ef1c hi\u1ec7n ch\u1ee5p \u1ea3nh theo y\u00eau c\u1ea7u nh\u01b0 s\u1ef1 ki\u1ec7n (khai tr\u01b0\u01a1ng, h\u1ed9i ngh\u1ecb, ti\u1ec7c, sinh nh\u1eadt), ch\u1ee5p c\u00e1 nh\u00e2n, lookbook th\u1eddi trang, s\u1ea3n ph\u1ea9m ho\u1eb7c \u1ea3nh nh\u00f3m, gia \u0111\u00ecnh. N<\/p>\n\n\n\n<p>\u01afu \u0111i\u1ec3m c\u1ee7a d\u1ecbch v\u1ee5 n\u00e0y l\u00e0 t\u00ednh linh ho\u1ea1t cao khi kh\u00e1ch h\u00e0ng c\u00f3 th\u1ec3 ch\u1ecdn s\u1ed1 gi\u1edd c\u1ea7n d\u00f9ng, chi ph\u00ed d\u1ec5 ki\u1ec3m so\u00e1t theo ng\u00e2n s\u00e1ch, ph\u00f9 h\u1ee3p c\u00e1c nhu c\u1ea7u ch\u1ee5p ng\u1eafn g\u1ecdn v\u00e0 kh\u00f4ng c\u1ea7n chu\u1ea9n b\u1ecb ph\u1ee9c t\u1ea1p.<\/p>\n\n\n\n<p>Ngo\u00e0i vi\u1ec7c ch\u1ee5p \u1ea3nh, nhi\u1ebfp \u1ea3nh gia c\u00f2n h\u1ed7 tr\u1ee3 t\u01b0 v\u1ea5n g\u00f3c ch\u1ee5p, b\u1eaft kho\u1ea3nh kh\u1eafc v\u00e0 x\u1eed l\u00fd \u00e1nh s\u00e1ng c\u01a1 b\u1ea3n \u0111\u1ec3 \u0111\u1ea3m b\u1ea3o ch\u1ea5t l\u01b0\u1ee3ng h\u00ecnh \u1ea3nh t\u1ed1t nh\u1ea5t. \u0110\u00e2y l\u00e0 gi\u1ea3i ph\u00e1p nhanh, g\u1ecdn, ti\u1ebft ki\u1ec7m nh\u01b0ng v\u1eabn \u0111\u1ea3m b\u1ea3o t\u00ednh chuy\u00ean nghi\u1ec7p cho c\u1ea3 c\u00e1 nh\u00e2n v\u00e0 doanh nghi\u1ec7p khi c\u1ea7n ch\u1ee5p \u1ea3nh trong th\u1eddi gian ng\u1eafn.<\/p>\n<\/div>\n\n\n\n<div class=\"wp-block-uagb-container uagb-block-63583ebd\">\n<div class=\"wp-block-uagb-image aligncenter uagb-block-bf2edd27 wp-block-uagb-image--layout-default wp-block-uagb-image--effect-static wp-block-uagb-image--align-center\"><figure class=\"wp-block-uagb-image__figure\"><img decoding=\"async\" srcset=\"https:\/\/donduongevent.com\/wp-content\/uploads\/2026\/04\/pexels-hao-bui-731734184-18391221-683x1024.jpg ,https:\/\/donduongevent.com\/wp-content\/uploads\/2026\/04\/pexels-hao-bui-731734184-18391221-scaled.jpg 780w, https:\/\/donduongevent.com\/wp-content\/uploads\/2026\/04\/pexels-hao-bui-731734184-18391221-scaled.jpg 360w\" sizes=\"auto, (max-width: 480px) 150px\" src=\"https:\/\/donduongevent.com\/wp-content\/uploads\/2026\/04\/pexels-hao-bui-731734184-18391221-683x1024.jpg\" alt=\"\" class=\"uag-image-357\" width=\"391\" height=\"585\" title=\"pexels-hao-bui-731734184-18391221\" loading=\"lazy\" role=\"img\"\/><\/figure><\/div>\n<\/div>\n<\/div><\/div>\n\n\n\n<div style=\"height:37px\" aria-hidden=\"true\" class=\"wp-block-spacer\"><\/div>\n\n\n\n<div class=\"wp-block-uagb-advanced-heading uagb-block-16ed1d12\"><h2 class=\"uagb-heading-text\"><strong>D\u1ecaCH V\u1ee4 THU\u00ca TH\u1ee2 CH\u1ee4P \u1ea2NH T\u1ea0I TPHCM BAO G\u1ed2M NH\u1eeeNG LO\u1ea0I H\u00ccNH N\u00c0O<\/strong><\/h2><\/div>\n\n\n\n<div style=\"height:27px\" aria-hidden=\"true\" class=\"wp-block-spacer\"><\/div>\n\n\n\n<p class=\"has-text-align-center\">C\u00e1c lo\u1ea1i h\u00ecnh d\u1ecbch v\u1ee5 thu\u00ea th\u1ee3 ch\u1ee5p \u1ea3nh theo gi\u1edd t\u1ea1i TP.HCM r\u1ea5t \u0111a d\u1ea1ng, \u0111\u00e1p \u1ee9ng \u0111\u1ea7y \u0111\u1ee7 nhi\u1ec1u nhu c\u1ea7u kh\u00e1c nhau c\u1ee7a kh\u00e1ch h\u00e0ng c\u00e1 nh\u00e2n v\u00e0 doanh nghi\u1ec7p. H\u1ea7u h\u1ebft c\u00e1c \u0111\u01a1n v\u1ecb \u0111\u1ec1u cung c\u1ea5p \u0111\u1ea7y \u0111\u1ee7 c\u00e1c g\u00f3i ch\u1ee5p ph\u1ed5 bi\u1ebfn nh\u01b0 ch\u1ee5p \u1ea3nh s\u1ef1 ki\u1ec7n, ch\u1ee5p c\u00e1 nh\u00e2n, ch\u1ee5p lookbook th\u1eddi trang, ch\u1ee5p s\u1ea3n ph\u1ea9m v\u00e0 ch\u1ee5p k\u1ef7 ni\u1ec7m. Nh\u1edd \u0111\u00f3, kh\u00e1ch h\u00e0ng c\u00f3 th\u1ec3 d\u1ec5 d\u00e0ng l\u1ef1a ch\u1ecdn lo\u1ea1i h\u00ecnh ph\u00f9 h\u1ee3p v\u1edbi m\u1ee5c \u0111\u00edch s\u1eed d\u1ee5ng v\u00e0 ng\u00e2n s\u00e1ch c\u1ee7a m\u00ecnh m\u00e0 v\u1eabn \u0111\u1ea3m b\u1ea3o ch\u1ea5t l\u01b0\u1ee3ng h\u00ecnh \u1ea3nh chuy\u00ean nghi\u1ec7p.<\/p>\n\n\n\n<div style=\"height:27px\" aria-hidden=\"true\" class=\"wp-block-spacer\"><\/div>\n\n\n\n<div class=\"wp-block-uagb-container uagb-block-cc514e94 alignfull uagb-is-root-container\"><div class=\"uagb-container-inner-blocks-wrap\">\n<div class=\"wp-block-uagb-container uagb-block-9887f0a2\">\n<div class=\"wp-block-uagb-info-box uagb-block-59a61be0 uagb-infobox__content-wrap  uagb-infobox-icon-above-title uagb-infobox-image-valign-top\"><div class=\"uagb-ifb-content\"><div class=\"uagb-ifb-icon-wrap\"><svg xmlns=\"https:\/\/www.w3.org\/2000\/svg\" viewBox=\"0 0 512 512\"><path d=\"M0 256C0 114.6 114.6 0 256 0C397.4 0 512 114.6 512 256C512 397.4 397.4 512 256 512C114.6 512 0 397.4 0 256zM371.8 211.8C382.7 200.9 382.7 183.1 371.8 172.2C360.9 161.3 343.1 161.3 332.2 172.2L224 280.4L179.8 236.2C168.9 225.3 151.1 225.3 140.2 236.2C129.3 247.1 129.3 264.9 140.2 275.8L204.2 339.8C215.1 350.7 232.9 350.7 243.8 339.8L371.8 211.8z\"><\/path><\/svg><\/div><div class=\"uagb-ifb-title-wrap\"><h3 class=\"uagb-ifb-title\">TI\u1ec6C SINH NH\u1eacT<\/h3><\/div><p class=\"uagb-ifb-desc\">Click here to change this text. Lorem ipsum dolor sit amet, consectetur adipiscing elit. Ut elit tellus, luctus nec ullamcorper mattis, pulvinar dapibus leo.<\/p><\/div><\/div>\n<\/div>\n\n\n\n<div class=\"wp-block-uagb-container uagb-block-74e90f54\">\n<div class=\"wp-block-uagb-info-box uagb-block-e1696453 uagb-infobox__content-wrap  uagb-infobox-icon-above-title uagb-infobox-image-valign-top\"><div class=\"uagb-ifb-content\"><div class=\"uagb-ifb-icon-wrap\"><svg xmlns=\"https:\/\/www.w3.org\/2000\/svg\" viewBox=\"0 0 512 512\"><path d=\"M0 256C0 114.6 114.6 0 256 0C397.4 0 512 114.6 512 256C512 397.4 397.4 512 256 512C114.6 512 0 397.4 0 256zM371.8 211.8C382.7 200.9 382.7 183.1 371.8 172.2C360.9 161.3 343.1 161.3 332.2 172.2L224 280.4L179.8 236.2C168.9 225.3 151.1 225.3 140.2 236.2C129.3 247.1 129.3 264.9 140.2 275.8L204.2 339.8C215.1 350.7 232.9 350.7 243.8 339.8L371.8 211.8z\"><\/path><\/svg><\/div><div class=\"uagb-ifb-title-wrap\"><h3 class=\"uagb-ifb-title\">KHAI TR\u01af\u01a0NG<\/h3><\/div><p class=\"uagb-ifb-desc\">Click here to change this text. Lorem ipsum dolor sit amet, consectetur adipiscing elit. Ut elit tellus, luctus nec ullamcorper mattis, pulvinar dapibus leo.<\/p><\/div><\/div>\n<\/div>\n\n\n\n<div class=\"wp-block-uagb-container uagb-block-6e803a58\">\n<div class=\"wp-block-uagb-info-box uagb-block-c0811526 uagb-infobox__content-wrap  uagb-infobox-icon-above-title uagb-infobox-image-valign-top\"><div class=\"uagb-ifb-content\"><div class=\"uagb-ifb-icon-wrap\"><svg xmlns=\"https:\/\/www.w3.org\/2000\/svg\" viewBox=\"0 0 512 512\"><path d=\"M0 256C0 114.6 114.6 0 256 0C397.4 0 512 114.6 512 256C512 397.4 397.4 512 256 512C114.6 512 0 397.4 0 256zM371.8 211.8C382.7 200.9 382.7 183.1 371.8 172.2C360.9 161.3 343.1 161.3 332.2 172.2L224 280.4L179.8 236.2C168.9 225.3 151.1 225.3 140.2 236.2C129.3 247.1 129.3 264.9 140.2 275.8L204.2 339.8C215.1 350.7 232.9 350.7 243.8 339.8L371.8 211.8z\"><\/path><\/svg><\/div><div class=\"uagb-ifb-title-wrap\"><h3 class=\"uagb-ifb-title\">CH\u1ee4P \u1ea2NH C\u00c1 NH\u00c2N<\/h3><\/div><p class=\"uagb-ifb-desc\">Click here to change this text. Lorem ipsum dolor sit amet, consectetur adipiscing elit. Ut elit tellus, luctus nec ullamcorper mattis, pulvinar dapibus leo.<\/p><\/div><\/div>\n<\/div>\n<\/div><\/div>\n\n\n\n<div class=\"wp-block-uagb-container uagb-block-774c986b alignfull uagb-is-root-container\"><div class=\"uagb-container-inner-blocks-wrap\">\n<div class=\"wp-block-uagb-container uagb-block-0aa9e162\">\n<div class=\"wp-block-uagb-info-box uagb-block-bf52dbee uagb-infobox__content-wrap  uagb-infobox-icon-above-title uagb-infobox-image-valign-top\"><div class=\"uagb-ifb-content\"><div class=\"uagb-ifb-icon-wrap\"><svg xmlns=\"https:\/\/www.w3.org\/2000\/svg\" viewBox=\"0 0 512 512\"><path d=\"M0 256C0 114.6 114.6 0 256 0C397.4 0 512 114.6 512 256C512 397.4 397.4 512 256 512C114.6 512 0 397.4 0 256zM371.8 211.8C382.7 200.9 382.7 183.1 371.8 172.2C360.9 161.3 343.1 161.3 332.2 172.2L224 280.4L179.8 236.2C168.9 225.3 151.1 225.3 140.2 236.2C129.3 247.1 129.3 264.9 140.2 275.8L204.2 339.8C215.1 350.7 232.9 350.7 243.8 339.8L371.8 211.8z\"><\/path><\/svg><\/div><div class=\"uagb-ifb-title-wrap\"><h3 class=\"uagb-ifb-title\">CH\u1ee4P \u1ea2NH NH\u00d3M<\/h3><\/div><p class=\"uagb-ifb-desc\">Click here to change this text. Lorem ipsum dolor sit amet, consectetur adipiscing elit. Ut elit tellus, luctus nec ullamcorper mattis, pulvinar dapibus leo.<\/p><\/div><\/div>\n<\/div>\n\n\n\n<div class=\"wp-block-uagb-container uagb-block-88979618\">\n<div class=\"wp-block-uagb-info-box uagb-block-8a6a4853 uagb-infobox__content-wrap  uagb-infobox-icon-above-title uagb-infobox-image-valign-top\"><div class=\"uagb-ifb-content\"><div class=\"uagb-ifb-icon-wrap\"><svg xmlns=\"https:\/\/www.w3.org\/2000\/svg\" viewBox=\"0 0 512 512\"><path d=\"M0 256C0 114.6 114.6 0 256 0C397.4 0 512 114.6 512 256C512 397.4 397.4 512 256 512C114.6 512 0 397.4 0 256zM371.8 211.8C382.7 200.9 382.7 183.1 371.8 172.2C360.9 161.3 343.1 161.3 332.2 172.2L224 280.4L179.8 236.2C168.9 225.3 151.1 225.3 140.2 236.2C129.3 247.1 129.3 264.9 140.2 275.8L204.2 339.8C215.1 350.7 232.9 350.7 243.8 339.8L371.8 211.8z\"><\/path><\/svg><\/div><div class=\"uagb-ifb-title-wrap\"><h3 class=\"uagb-ifb-title\">\u0110\u00c1M C\u01af\u1edaI<\/h3><\/div><p class=\"uagb-ifb-desc\">Click here to change this text. Lorem ipsum dolor sit amet, consectetur adipiscing elit. Ut elit tellus, luctus nec ullamcorper mattis, pulvinar dapibus leo.<\/p><\/div><\/div>\n<\/div>\n\n\n\n<div class=\"wp-block-uagb-container uagb-block-999d4057\">\n<div class=\"wp-block-uagb-info-box uagb-block-c1737e7e uagb-infobox__content-wrap  uagb-infobox-icon-above-title uagb-infobox-image-valign-top\"><div class=\"uagb-ifb-content\"><div class=\"uagb-ifb-icon-wrap\"><svg xmlns=\"https:\/\/www.w3.org\/2000\/svg\" viewBox=\"0 0 512 512\"><path d=\"M0 256C0 114.6 114.6 0 256 0C397.4 0 512 114.6 512 256C512 397.4 397.4 512 256 512C114.6 512 0 397.4 0 256zM371.8 211.8C382.7 200.9 382.7 183.1 371.8 172.2C360.9 161.3 343.1 161.3 332.2 172.2L224 280.4L179.8 236.2C168.9 225.3 151.1 225.3 140.2 236.2C129.3 247.1 129.3 264.9 140.2 275.8L204.2 339.8C215.1 350.7 232.9 350.7 243.8 339.8L371.8 211.8z\"><\/path><\/svg><\/div><div class=\"uagb-ifb-title-wrap\"><h3 class=\"uagb-ifb-title\">CH\u1ee4P \u1ea2NH S\u1ea2N PH\u1ea8M<\/h3><\/div><p class=\"uagb-ifb-desc\">Click here to change this text. Lorem ipsum dolor sit amet, consectetur adipiscing elit. Ut elit tellus, luctus nec ullamcorper mattis, pulvinar dapibus leo.<\/p><\/div><\/div>\n<\/div>\n<\/div><\/div>\n\n\n\n<div class=\"wp-block-uagb-container uagb-block-34c02016 alignfull uagb-is-root-container\"><div class=\"uagb-container-inner-blocks-wrap\">\n<div class=\"wp-block-uagb-container uagb-block-3bb8a723\">\n<div class=\"wp-block-uagb-info-box uagb-block-7116d112 uagb-infobox__content-wrap  uagb-infobox-icon-above-title uagb-infobox-image-valign-top\"><div class=\"uagb-ifb-content\"><div class=\"uagb-ifb-icon-wrap\"><svg xmlns=\"https:\/\/www.w3.org\/2000\/svg\" viewBox=\"0 0 512 512\"><path d=\"M0 256C0 114.6 114.6 0 256 0C397.4 0 512 114.6 512 256C512 397.4 397.4 512 256 512C114.6 512 0 397.4 0 256zM371.8 211.8C382.7 200.9 382.7 183.1 371.8 172.2C360.9 161.3 343.1 161.3 332.2 172.2L224 280.4L179.8 236.2C168.9 225.3 151.1 225.3 140.2 236.2C129.3 247.1 129.3 264.9 140.2 275.8L204.2 339.8C215.1 350.7 232.9 350.7 243.8 339.8L371.8 211.8z\"><\/path><\/svg><\/div><div class=\"uagb-ifb-title-wrap\"><h3 class=\"uagb-ifb-title\">CH\u1ee4P \u1ea2NH T\u1ed0T NGHI\u1ec6P<\/h3><\/div><p class=\"uagb-ifb-desc\">Click here to change this text. Lorem ipsum dolor sit amet, consectetur adipiscing elit. Ut elit tellus, luctus nec ullamcorper mattis, pulvinar dapibus leo.<\/p><\/div><\/div>\n<\/div>\n\n\n\n<div class=\"wp-block-uagb-container uagb-block-d1569808\">\n<div class=\"wp-block-uagb-info-box uagb-block-36a0102d uagb-infobox__content-wrap  uagb-infobox-icon-above-title uagb-infobox-image-valign-top\"><div class=\"uagb-ifb-content\"><div class=\"uagb-ifb-icon-wrap\"><svg xmlns=\"https:\/\/www.w3.org\/2000\/svg\" viewBox=\"0 0 512 512\"><path d=\"M0 256C0 114.6 114.6 0 256 0C397.4 0 512 114.6 512 256C512 397.4 397.4 512 256 512C114.6 512 0 397.4 0 256zM371.8 211.8C382.7 200.9 382.7 183.1 371.8 172.2C360.9 161.3 343.1 161.3 332.2 172.2L224 280.4L179.8 236.2C168.9 225.3 151.1 225.3 140.2 236.2C129.3 247.1 129.3 264.9 140.2 275.8L204.2 339.8C215.1 350.7 232.9 350.7 243.8 339.8L371.8 211.8z\"><\/path><\/svg><\/div><div class=\"uagb-ifb-title-wrap\"><h3 class=\"uagb-ifb-title\">K\u1ef6 Y\u1ebeU<\/h3><\/div><p class=\"uagb-ifb-desc\">Click here to change this text. Lorem ipsum dolor sit amet, consectetur adipiscing elit. Ut elit tellus, luctus nec ullamcorper mattis, pulvinar dapibus leo.<\/p><\/div><\/div>\n<\/div>\n\n\n\n<div class=\"wp-block-uagb-container uagb-block-3c1b42d2\">\n<div class=\"wp-block-uagb-info-box uagb-block-ee4a864f uagb-infobox__content-wrap  uagb-infobox-icon-above-title uagb-infobox-image-valign-top\"><div class=\"uagb-ifb-content\"><div class=\"uagb-ifb-icon-wrap\"><svg xmlns=\"https:\/\/www.w3.org\/2000\/svg\" viewBox=\"0 0 512 512\"><path d=\"M0 256C0 114.6 114.6 0 256 0C397.4 0 512 114.6 512 256C512 397.4 397.4 512 256 512C114.6 512 0 397.4 0 256zM371.8 211.8C382.7 200.9 382.7 183.1 371.8 172.2C360.9 161.3 343.1 161.3 332.2 172.2L224 280.4L179.8 236.2C168.9 225.3 151.1 225.3 140.2 236.2C129.3 247.1 129.3 264.9 140.2 275.8L204.2 339.8C215.1 350.7 232.9 350.7 243.8 339.8L371.8 211.8z\"><\/path><\/svg><\/div><div class=\"uagb-ifb-title-wrap\"><h3 class=\"uagb-ifb-title\">CH\u1ee4P \u1ea2NH C\u1eb6P \u0110\u00d4I<\/h3><\/div><p class=\"uagb-ifb-desc\">Click here to change this text. Lorem ipsum dolor sit amet, consectetur adipiscing elit. Ut elit tellus, luctus nec ullamcorper mattis, pulvinar dapibus leo.<\/p><\/div><\/div>\n<\/div>\n<\/div><\/div>\n\n\n\n<p><\/p>\n\n\n\n<p><\/p>\n\n\n\n<p><\/p>\n\n\n\n<p><\/p>\n\n\n\n<p><\/p>\n\n\n\n<p><\/p>\n\n\n\n<p><\/p>\n\n\n\n<p><\/p>\n\n\n\n<div class=\"wp-block-uagb-container uagb-block-ffd64c88 alignfull uagb-is-root-container\"><div class=\"uagb-container-inner-blocks-wrap\">\n<div class=\"wp-block-uagb-container uagb-block-0a85f1f2\"><\/div>\n\n\n\n<div class=\"wp-block-uagb-container uagb-block-a62a4619\"><\/div>\n<\/div><\/div>\n\n\n\n<p><\/p>\n\n\n\n<p><\/p>\n\n\n\n<p><\/p>\n\n\n\n<p><\/p>\n\n\n\n<p><\/p>\n\n\n\n<div class=\"wp-block-uagb-image aligncenter uagb-block-6038dc82 wp-block-uagb-image--layout-default wp-block-uagb-image--effect-static wp-block-uagb-image--align-center\"><figure class=\"wp-block-uagb-image__figure\"><img decoding=\"async\" srcset=\"https:\/\/donduongevent.com\/wp-content\/uploads\/2026\/04\/pexels-le-d-c-khanh-701416308-34109455-1-1024x683.jpg ,https:\/\/donduongevent.com\/wp-content\/uploads\/2026\/04\/pexels-le-d-c-khanh-701416308-34109455-1-scaled.jpg 780w, https:\/\/donduongevent.com\/wp-content\/uploads\/2026\/04\/pexels-le-d-c-khanh-701416308-34109455-1-scaled.jpg 360w\" sizes=\"auto, (max-width: 480px) 150px\" src=\"https:\/\/donduongevent.com\/wp-content\/uploads\/2026\/04\/pexels-le-d-c-khanh-701416308-34109455-1-1024x683.jpg\" alt=\"\" class=\"uag-image-341\" width=\"954\" height=\"636\" title=\"pexels-le-d-c-khanh-701416308-34109455\" loading=\"lazy\" role=\"img\"\/><\/figure><\/div>\n","protected":false},"excerpt":{"rendered":"<p>D\u1ecaCH V\u1ee4 THU\u00ca TH\u1ee2 CH\u1ee4P \u1ea2NH HCM CHUY\u00caN NGHI\u1ec6P N\u1ebfu b\u1ea1n \u0111ang t\u00ecm ki\u1ebfm th\u1ee3 ch\u1ee5p h\u00ecnh t\u1ea1i TPHCM, DonDuong [&hellip;]<\/p>\n","protected":false},"author":1,"featured_media":0,"parent":0,"menu_order":0,"comment_status":"closed","ping_status":"closed","template":"","meta":{"_uag_custom_page_level_css":"","site-sidebar-layout":"default","site-content-layout":"","ast-site-content-layout":"normal-width-container","site-content-style":"default","site-sidebar-style":"default","ast-global-header-display":"","ast-banner-title-visibility":"","ast-main-header-display":"","ast-hfb-above-header-display":"","ast-hfb-below-header-display":"","ast-hfb-mobile-header-display":"","site-post-title":"disabled","ast-breadcrumbs-content":"","ast-featured-img":"","footer-sml-layout":"","ast-disable-related-posts":"","theme-transparent-header-meta":"","adv-header-id-meta":"","stick-header-meta":"","header-above-stick-meta":"","header-main-stick-meta":"","header-below-stick-meta":"","astra-migrate-meta-layouts":"default","ast-page-background-enabled":"default","ast-page-background-meta":{"desktop":{"background-color":"var(--ast-global-color-5)","background-image":"","background-repeat":"repeat","background-position":"center center","background-size":"auto","background-attachment":"scroll","background-type":"","background-media":"","overlay-type":"","overlay-color":"","overlay-opacity":"","overlay-gradient":""},"tablet":{"background-color":"","background-image":"","background-repeat":"repeat","background-position":"center center","background-size":"auto","background-attachment":"scroll","background-type":"","background-media":"","overlay-type":"","overlay-color":"","overlay-opacity":"","overlay-gradient":""},"mobile":{"background-color":"","background-image":"","background-repeat":"repeat","background-position":"center center","background-size":"auto","background-attachment":"scroll","background-type":"","background-media":"","overlay-type":"","overlay-color":"","overlay-opacity":"","overlay-gradient":""}},"ast-content-background-meta":{"desktop":{"background-color":"var(--ast-global-color-4)","background-image":"","background-repeat":"repeat","background-position":"center center","background-size":"auto","background-attachment":"scroll","background-type":"","background-media":"","overlay-type":"","overlay-color":"","overlay-opacity":"","overlay-gradient":""},"tablet":{"background-color":"var(--ast-global-color-4)","background-image":"","background-repeat":"repeat","background-position":"center center","background-size":"auto","background-attachment":"scroll","background-type":"","background-media":"","overlay-type":"","overlay-color":"","overlay-opacity":"","overlay-gradient":""},"mobile":{"background-color":"var(--ast-global-color-4)","background-image":"","background-repeat":"repeat","background-position":"center center","background-size":"auto","background-attachment":"scroll","background-type":"","background-media":"","overlay-type":"","overlay-color":"","overlay-opacity":"","overlay-gradient":""}},"footnotes":""},"class_list":["post-332","page","type-page","status-publish","hentry"],"uagb_featured_image_src":{"full":false,"thumbnail":false,"medium":false,"medium_large":false,"large":false,"1536x1536":false,"2048x2048":false},"uagb_author_info":{"display_name":"admin","author_link":"https:\/\/donduongevent.com\/author\/donduongvent"},"uagb_comment_info":0,"uagb_excerpt":"D\u1ecaCH V\u1ee4 THU\u00ca TH\u1ee2 CH\u1ee4P \u1ea2NH HCM CHUY\u00caN NGHI\u1ec6P N\u1ebfu b\u1ea1n \u0111ang t\u00ecm ki\u1ebfm th\u1ee3 ch\u1ee5p h\u00ecnh t\u1ea1i TPHCM, DonDuong [&hellip;]","_links":{"self":[{"href":"https:\/\/donduongevent.com\/index.php?rest_route=\/wp\/v2\/pages\/332","targetHints":{"allow":["GET"]}}],"collection":[{"href":"https:\/\/donduongevent.com\/index.php?rest_route=\/wp\/v2\/pages"}],"about":[{"href":"https:\/\/donduongevent.com\/index.php?rest_route=\/wp\/v2\/types\/page"}],"author":[{"embeddable":true,"href":"https:\/\/donduongevent.com\/index.php?rest_route=\/wp\/v2\/users\/1"}],"replies":[{"embeddable":true,"href":"https:\/\/donduongevent.com\/index.php?rest_route=%2Fwp%2Fv2%2Fcomments&post=332"}],"version-history":[{"count":21,"href":"https:\/\/donduongevent.com\/index.php?rest_route=\/wp\/v2\/pages\/332\/revisions"}],"predecessor-version":[{"id":364,"href":"https:\/\/donduongevent.com\/index.php?rest_route=\/wp\/v2\/pages\/332\/revisions\/364"}],"wp:attachment":[{"href":"https:\/\/donduongevent.com\/index.php?rest_route=%2Fwp%2Fv2%2Fmedia&parent=332"}],"curies":[{"name":"wp","href":"https:\/\/api.w.org\/{rel}","templated":true}]}}