{"id":141,"date":"2026-04-23T16:00:45","date_gmt":"2026-04-23T16:00:45","guid":{"rendered":"https:\/\/donduongevent.com\/?page_id=141"},"modified":"2026-04-23T21:06:47","modified_gmt":"2026-04-23T21:06:47","slug":"silverstorm","status":"publish","type":"page","link":"https:\/\/donduongevent.com\/","title":{"rendered":"DONDUONG EVENT"},"content":{"rendered":"\n<div class=\"wp-block-cover\" style=\"min-height:495px;aspect-ratio:unset;\"><img loading=\"lazy\" decoding=\"async\" width=\"2560\" height=\"1707\" class=\"wp-block-cover__image-background wp-image-382 size-full\" alt=\"\" src=\"https:\/\/donduongevent.com\/wp-content\/uploads\/2026\/04\/dich-vu-cua-donduong-event-scaled.jpg\" style=\"object-position:74% 49%\" data-object-fit=\"cover\" data-object-position=\"74% 49%\" srcset=\"https:\/\/donduongevent.com\/wp-content\/uploads\/2026\/04\/dich-vu-cua-donduong-event-scaled.jpg 2560w, https:\/\/donduongevent.com\/wp-content\/uploads\/2026\/04\/dich-vu-cua-donduong-event-300x200.jpg 300w, https:\/\/donduongevent.com\/wp-content\/uploads\/2026\/04\/dich-vu-cua-donduong-event-1024x683.jpg 1024w, https:\/\/donduongevent.com\/wp-content\/uploads\/2026\/04\/dich-vu-cua-donduong-event-768x512.jpg 768w, https:\/\/donduongevent.com\/wp-content\/uploads\/2026\/04\/dich-vu-cua-donduong-event-1536x1024.jpg 1536w, https:\/\/donduongevent.com\/wp-content\/uploads\/2026\/04\/dich-vu-cua-donduong-event-2048x1365.jpg 2048w\" sizes=\"auto, (max-width: 2560px) 100vw, 2560px\" \/><span aria-hidden=\"true\" class=\"wp-block-cover__background has-ast-global-color-6-background-color has-background-dim-60 has-background-dim\"><\/span><div class=\"wp-block-cover__inner-container is-layout-constrained wp-block-cover-is-layout-constrained\">\n<p class=\"has-text-align-center has-ast-global-color-7-color has-text-color has-link-color has-large-font-size wp-elements-fca5732df30140954615e70b7694a8ab\"><strong><em>C\u00d4NG TY T\u1ed4 CH\u1ee8C S\u1ef0 KI\u1ec6N CHUY\u00caN NGHI\u1ec6P T\u1ea0I TPHCM<\/em><\/strong><\/p>\n\n\n\n<p class=\"has-text-align-center has-ast-global-color-7-color has-text-color has-link-color has-medium-font-size wp-elements-9daf7da2416c34b4104b1cf0f85f32e5\">DonDuong Event cung c\u1ea5p \u0111a d\u1ea1ng d\u1ecbch v\u1ee5 nh\u01b0 t\u1ed5 ch\u1ee9c s\u1ef1 ki\u1ec7n doanh nghi\u1ec7p, khai tr\u01b0\u01a1ng, h\u1ed9i ngh\u1ecb, ti\u1ec7c t\u1ea5t ni\u00ean, gala dinner, wedding, activation, c\u00f9ng c\u00e1c d\u1ecbch v\u1ee5 h\u1ed7 tr\u1ee3. V\u1edbi \u0111\u1ed9i ng\u0169 gi\u00e0u kinh nghi\u1ec7m, c\u00f4ng ty lu\u00f4n \u0111\u1ea3m b\u1ea3o m\u1ed7i s\u1ef1 ki\u1ec7n \u0111\u01b0\u1ee3c x\u00e2y d\u1ef1ng ch\u1ec9n chu t\u1eeb \u00fd t\u01b0\u1edfng, k\u1ecbch b\u1ea3n \u0111\u1ebfn tri\u1ec3n khai th\u1ef1c t\u1ebf, mang l\u1ea1i tr\u1ea3i nghi\u1ec7m chuy\u00ean nghi\u1ec7p v\u00e0 \u1ea5n t\u01b0\u1ee3ng cho kh\u00e1ch h\u00e0ng.<\/p>\n<\/div><\/div>\n\n\n\n<div style=\"height:52px\" aria-hidden=\"true\" class=\"wp-block-spacer\"><\/div>\n\n\n\n<h1 class=\"wp-block-heading has-text-align-center has-ast-global-color-6-color has-text-color has-link-color wp-elements-15bb09e140c058c6f08c6cbe55ec1cbb\" style=\"font-size:27px\"><strong>C\u00c1C D\u1ecaCH V\u1ee4 T\u1ea0I DONDUONG EVENT<\/strong><\/h1>\n\n\n\n<p class=\"has-text-align-center\">DonDuong Event cung c\u1ea5p c\u00e1c h\u1ea1ng m\u1ee5c t\u1ed5 ch\u1ee9c s\u1ef1 ki\u1ec7n chuy\u00ean nghi\u1ec7p, \u0111\u00e1p \u1ee9ng \u0111a d\u1ea1ng nhu c\u1ea7u c\u1ee7a kh\u00e1ch h\u00e0ng. <br>T\u1eeb s\u1ef1 ki\u1ec7n doanh nghi\u1ec7p, khai tr\u01b0\u01a1ng, h\u1ed9i ngh\u1ecb \u0111\u1ebfn ti\u1ec7c c\u00e1 nh\u00e2n, m\u1ed7i h\u1ea1ng m\u1ee5c \u0111\u1ec1u \u0111\u01b0\u1ee3c tri\u1ec3n khai linh ho\u1ea1t, ch\u1ec9n chu v\u00e0 ph\u00f9 h\u1ee3p <br>v\u1edbi t\u1eebng m\u1ee5c ti\u00eau, gi\u00fap mang l\u1ea1i hi\u1ec7u qu\u1ea3 v\u00e0 tr\u1ea3i nghi\u1ec7m t\u1ed1t nh\u1ea5t cho kh\u00e1ch h\u00e0ng.<br><\/p>\n\n\n\n<div class=\"wp-block-uagb-container uagb-block-3ea8983b alignfull uagb-is-root-container\"><div class=\"uagb-container-inner-blocks-wrap\">\n<div class=\"wp-block-uagb-info-box uagb-block-fd3b68e5 uagb-infobox__content-wrap  uagb-infobox-icon-above-title uagb-infobox-image-valign-top\"><div class=\"uagb-ifb-content\"><div class=\"uagb-ifb-icon-wrap\"><svg xmlns=\"https:\/\/www.w3.org\/2000\/svg\" viewBox=\"0 0 512 512\"><path d=\"M194.6 32H317.4C338.1 32 356.4 45.22 362.9 64.82L373.3 96H448C483.3 96 512 124.7 512 160V416C512 451.3 483.3 480 448 480H64C28.65 480 0 451.3 0 416V160C0 124.7 28.65 96 64 96H138.7L149.1 64.82C155.6 45.22 173.9 32 194.6 32H194.6zM256 384C309 384 352 341 352 288C352 234.1 309 192 256 192C202.1 192 160 234.1 160 288C160 341 202.1 384 256 384z\"><\/path><\/svg><\/div><div class=\"uagb-ifb-title-wrap\"><h3 class=\"uagb-ifb-title\">CH\u1ee4P \u1ea2NH<\/h3><\/div><p class=\"uagb-ifb-desc\">Click here to change this text. Lorem ipsum dolor sit amet, consectetur adipiscing elit. Ut elit tellus, luctus nec ullamcorper mattis, pulvinar dapibus leo.<\/p><\/div><\/div>\n\n\n\n<div class=\"wp-block-uagb-container uagb-block-b16870c6\">\n<div class=\"wp-block-uagb-info-box uagb-block-f00d5363 uagb-infobox__content-wrap  uagb-infobox-icon-above-title uagb-infobox-image-valign-top\"><div class=\"uagb-ifb-content\"><div class=\"uagb-ifb-icon-wrap\"><svg xmlns=\"https:\/\/www.w3.org\/2000\/svg\" viewBox=\"0 0 512 512\"><path d=\"M64 64V48C64 39.16 71.16 32 80 32H144C152.8 32 160 39.16 160 48V64H192L242.5 38.76C251.4 34.31 261.2 32 271.1 32H448C483.3 32 512 60.65 512 96V416C512 451.3 483.3 480 448 480H64C28.65 480 0 451.3 0 416V128C0 92.65 28.65 64 64 64zM220.6 121.2C211.7 125.7 201.9 128 192 128H64V192H178.8C200.8 176.9 227.3 168 256 168C284.7 168 311.2 176.9 333.2 192H448V96H271.1L220.6 121.2zM256 216C207.4 216 168 255.4 168 304C168 352.6 207.4 392 256 392C304.6 392 344 352.6 344 304C344 255.4 304.6 216 256 216z\"><\/path><\/svg><\/div><div class=\"uagb-ifb-title-wrap\"><h3 class=\"uagb-ifb-title\">QUAY PHIM<\/h3><\/div><p class=\"uagb-ifb-desc\">Click here to change this text. Lorem ipsum dolor sit amet, consectetur adipiscing elit. Ut elit tellus, luctus nec ullamcorper mattis, pulvinar dapibus leo.<\/p><\/div><\/div>\n<\/div>\n\n\n\n<div class=\"wp-block-uagb-container uagb-block-dbf4c6fa\">\n<div class=\"wp-block-uagb-info-box uagb-block-1278cefb uagb-infobox__content-wrap  uagb-infobox-icon-above-title uagb-infobox-image-valign-top\"><div class=\"uagb-ifb-content\"><div class=\"uagb-ifb-icon-wrap\"><svg xmlns=\"https:\/\/www.w3.org\/2000\/svg\" viewBox=\"0 0 512 512\"><path d=\"M0 256C0 114.6 114.6 0 256 0C397.4 0 512 114.6 512 256C512 397.4 397.4 512 256 512C114.6 512 0 397.4 0 256zM371.8 211.8C382.7 200.9 382.7 183.1 371.8 172.2C360.9 161.3 343.1 161.3 332.2 172.2L224 280.4L179.8 236.2C168.9 225.3 151.1 225.3 140.2 236.2C129.3 247.1 129.3 264.9 140.2 275.8L204.2 339.8C215.1 350.7 232.9 350.7 243.8 339.8L371.8 211.8z\"><\/path><\/svg><\/div><div class=\"uagb-ifb-title-wrap\"><h3 class=\"uagb-ifb-title\">CHO THU\u00ca \u00c2M THANH<\/h3><\/div><p class=\"uagb-ifb-desc\">Click here to change this text. Lorem ipsum dolor sit amet, consectetur adipiscing elit. Ut elit tellus, luctus nec ullamcorper mattis, pulvinar dapibus leo.<\/p><\/div><\/div>\n<\/div>\n<\/div><\/div>\n\n\n\n<div class=\"wp-block-uagb-container uagb-block-3ea8983b alignfull uagb-is-root-container\"><div class=\"uagb-container-inner-blocks-wrap\">\n<div class=\"wp-block-uagb-info-box uagb-block-75fa1202 uagb-infobox__content-wrap  uagb-infobox-icon-above-title uagb-infobox-image-valign-top\"><div class=\"uagb-ifb-content\"><div class=\"uagb-ifb-icon-wrap\"><svg xmlns=\"https:\/\/www.w3.org\/2000\/svg\" viewBox=\"0 0 512 512\"><path d=\"M0 256C0 114.6 114.6 0 256 0C397.4 0 512 114.6 512 256C512 397.4 397.4 512 256 512C114.6 512 0 397.4 0 256zM371.8 211.8C382.7 200.9 382.7 183.1 371.8 172.2C360.9 161.3 343.1 161.3 332.2 172.2L224 280.4L179.8 236.2C168.9 225.3 151.1 225.3 140.2 236.2C129.3 247.1 129.3 264.9 140.2 275.8L204.2 339.8C215.1 350.7 232.9 350.7 243.8 339.8L371.8 211.8z\"><\/path><\/svg><\/div><div class=\"uagb-ifb-title-wrap\"><h3 class=\"uagb-ifb-title\">CHO THU\u00ca \u00c1NH S\u00c1NG<\/h3><\/div><p class=\"uagb-ifb-desc\">Click here to change this text. Lorem ipsum dolor sit amet, consectetur adipiscing elit. Ut elit tellus, luctus nec ullamcorper mattis, pulvinar dapibus leo.<\/p><\/div><\/div>\n\n\n\n<div class=\"wp-block-uagb-container uagb-block-b16870c6\">\n<div class=\"wp-block-uagb-info-box uagb-block-1fc45e84 uagb-infobox__content-wrap  uagb-infobox-icon-above-title uagb-infobox-image-valign-top\"><div class=\"uagb-ifb-content\"><div class=\"uagb-ifb-icon-wrap\"><svg xmlns=\"https:\/\/www.w3.org\/2000\/svg\" viewBox=\"0 0 512 512\"><path d=\"M0 256C0 114.6 114.6 0 256 0C397.4 0 512 114.6 512 256C512 397.4 397.4 512 256 512C114.6 512 0 397.4 0 256zM371.8 211.8C382.7 200.9 382.7 183.1 371.8 172.2C360.9 161.3 343.1 161.3 332.2 172.2L224 280.4L179.8 236.2C168.9 225.3 151.1 225.3 140.2 236.2C129.3 247.1 129.3 264.9 140.2 275.8L204.2 339.8C215.1 350.7 232.9 350.7 243.8 339.8L371.8 211.8z\"><\/path><\/svg><\/div><div class=\"uagb-ifb-title-wrap\"><h3 class=\"uagb-ifb-title\">CHO THU\u00ca CA S\u0128<\/h3><\/div><p class=\"uagb-ifb-desc\">Click here to change this text. Lorem ipsum dolor sit amet, consectetur adipiscing elit. Ut elit tellus, luctus nec ullamcorper mattis, pulvinar dapibus leo.<\/p><\/div><\/div>\n<\/div>\n\n\n\n<div class=\"wp-block-uagb-container uagb-block-dbf4c6fa\">\n<div class=\"wp-block-uagb-info-box uagb-block-9e0b5a17 uagb-infobox__content-wrap  uagb-infobox-icon-above-title uagb-infobox-image-valign-top\"><div class=\"uagb-ifb-content\"><div class=\"uagb-ifb-icon-wrap\"><svg xmlns=\"https:\/\/www.w3.org\/2000\/svg\" viewBox=\"0 0 512 512\"><path d=\"M0 256C0 114.6 114.6 0 256 0C397.4 0 512 114.6 512 256C512 397.4 397.4 512 256 512C114.6 512 0 397.4 0 256zM371.8 211.8C382.7 200.9 382.7 183.1 371.8 172.2C360.9 161.3 343.1 161.3 332.2 172.2L224 280.4L179.8 236.2C168.9 225.3 151.1 225.3 140.2 236.2C129.3 247.1 129.3 264.9 140.2 275.8L204.2 339.8C215.1 350.7 232.9 350.7 243.8 339.8L371.8 211.8z\"><\/path><\/svg><\/div><div class=\"uagb-ifb-title-wrap\"><h3 class=\"uagb-ifb-title\">CHO THU\u00ca DJ<\/h3><\/div><p class=\"uagb-ifb-desc\">Click here to change this text. Lorem ipsum dolor sit amet, consectetur adipiscing elit. Ut elit tellus, luctus nec ullamcorper mattis, pulvinar dapibus leo.<\/p><\/div><\/div>\n<\/div>\n<\/div><\/div>\n\n\n\n<div class=\"wp-block-cover is-repeated\" style=\"min-height:495px;aspect-ratio:unset;\"><div class=\"wp-block-cover__image-background wp-image-367 size-full is-repeated\" style=\"background-position:50% 50%;background-image:url(https:\/\/donduongevent.com\/wp-content\/uploads\/2026\/04\/anh-cua-DonDuong-Event.jpg)\"><\/div><span aria-hidden=\"true\" class=\"wp-block-cover__background has-ast-global-color-8-background-color has-background-dim-80 has-background-dim\"><\/span><div class=\"wp-block-cover__inner-container is-layout-constrained wp-block-cover-is-layout-constrained\">\n<div class=\"wp-block-uagb-advanced-heading uagb-block-c3fcf7bc\"><h2 class=\"uagb-heading-text\">TH\u00c0NH T\u1ef0U C\u1ee6A DONDUONG EVENT<\/h2><\/div>\n\n\n\n<p class=\"has-text-align-center has-ast-global-color-4-color has-text-color has-link-color wp-elements-8890ab47ea00f8d46b460ad60f535bce\">H\u01a1n 8 n\u0103m \u0111\u1ed3ng h\u00e0nh c\u00f9ng h\u00e0ng tr\u0103m s\u1ef1 ki\u1ec7n, DonDuong \u0111\u00e3 t\u1ea1o ra nh\u1eefng kho\u1ea3nh kh\u1eafc kh\u00f3 qu\u00ean trong l\u00f2ng kh\u00e1ch h\u00e0ng<\/p>\n\n\n\n<div class=\"wp-block-columns is-layout-flex wp-container-core-columns-is-layout-28f84493 wp-block-columns-is-layout-flex\">\n<div class=\"wp-block-column is-layout-flow wp-block-column-is-layout-flow\">\n<div class=\"wp-block-uagb-info-box uagb-block-3407be53 uagb-infobox__content-wrap  uagb-infobox-icon-above-title uagb-infobox-image-valign-top\"><div class=\"uagb-ifb-content\"><div class=\"uagb-ifb-title-wrap\"><p class=\"uagb-ifb-title-prefix\">800+<\/p><h3 class=\"uagb-ifb-title\">Event \u0111\u00e3 tham gia<\/h3><\/div><\/div><\/div>\n\n\n\n<div class=\"wp-block-uagb-container uagb-block-4c5bed80 alignfull uagb-is-root-container\"><div class=\"uagb-container-inner-blocks-wrap\">\n<div class=\"wp-block-uagb-info-box uagb-block-6a39be4c uagb-infobox__content-wrap  uagb-infobox-icon-above-title uagb-infobox-image-valign-top\"><div class=\"uagb-ifb-content\"><div class=\"uagb-ifb-title-wrap\"><span class=\"uagb-ifb-title-prefix\">4K \/ 8K<\/span><h3 class=\"uagb-ifb-title\">Ti\u00eau chu\u1ea9n ch\u1ea5t l\u01b0\u1ee3ng h\u00ecnh \u1ea3nh cao c\u1ea5p nh\u1ea5t<\/h3><\/div><\/div><\/div>\n<\/div><\/div>\n<\/div>\n\n\n\n<div class=\"wp-block-column is-layout-flow wp-block-column-is-layout-flow\">\n<div class=\"wp-block-uagb-info-box uagb-block-d544fbec uagb-infobox__content-wrap  uagb-infobox-icon-above-title uagb-infobox-image-valign-top\"><div class=\"uagb-ifb-content\"><div class=\"uagb-ifb-title-wrap\"><span class=\"uagb-ifb-title-prefix\">500+<\/span><h3 class=\"uagb-ifb-title\">Project quay ch\u1ee5p &amp; s\u1ea3n xu\u1ea5t h\u00ecnh \u1ea3nh s\u1ef1 ki\u1ec7n Box<\/h3><\/div><\/div><\/div>\n\n\n\n<div class=\"wp-block-uagb-container uagb-block-ba9e2d71 alignfull uagb-is-root-container\"><div class=\"uagb-container-inner-blocks-wrap\">\n<div class=\"wp-block-uagb-info-box uagb-block-a5254ad2 uagb-infobox__content-wrap  uagb-infobox-icon-above-title uagb-infobox-image-valign-top\"><div class=\"uagb-ifb-content\"><div class=\"uagb-ifb-title-wrap\"><span class=\"uagb-ifb-title-prefix\">5.000W+<\/span><h3 class=\"uagb-ifb-title\">C\u00f4ng su\u1ea5t h\u1ec7 th\u1ed1ng \u00e2m thanh s\u1eb5n s\u00e0ng ph\u1ee5c v\u1ee5<\/h3><\/div><\/div><\/div>\n<\/div><\/div>\n<\/div>\n\n\n\n<div class=\"wp-block-column is-layout-flow wp-block-column-is-layout-flow\">\n<div class=\"wp-block-uagb-info-box uagb-block-c531d64a uagb-infobox__content-wrap  uagb-infobox-icon-above-title uagb-infobox-image-valign-top\"><div class=\"uagb-ifb-content\"><div class=\"uagb-ifb-title-wrap\"><span class=\"uagb-ifb-title-prefix\">8 N\u0103m<\/span><h3 class=\"uagb-ifb-title\">Kinh nghi\u1ec7m v\u1eadn h\u00e0nh k\u1ef9 thu\u1eadt s\u1ef1 ki\u1ec7n<br><\/h3><\/div><\/div><\/div>\n\n\n\n<div class=\"wp-block-uagb-container uagb-block-dde5a90a alignfull uagb-is-root-container\"><div class=\"uagb-container-inner-blocks-wrap\">\n<div class=\"wp-block-uagb-info-box uagb-block-324477ff uagb-infobox__content-wrap  uagb-infobox-icon-above-title uagb-infobox-image-valign-top\"><div class=\"uagb-ifb-content\"><div class=\"uagb-ifb-title-wrap\"><span class=\"uagb-ifb-title-prefix\">300+<\/span><h3 class=\"uagb-ifb-title\">\u0110\u1ed1i t\u00e1c doanh nghi\u1ec7p v\u00e0 th\u01b0\u01a1ng hi\u1ec7u l\u1edbn<\/h3><\/div><\/div><\/div>\n<\/div><\/div>\n<\/div>\n<\/div>\n<\/div><\/div>\n\n\n\n<p><\/p>\n\n\n\n<p><\/p>\n\n\n\n<p><\/p>\n\n\n\n<div class=\"wp-block-uagb-container uagb-block-e832ebae alignfull uagb-is-root-container\"><div class=\"uagb-container-inner-blocks-wrap\"><\/div><\/div>\n\n\n\n<p class=\"has-text-align-center\"><\/p>\n\n\n\n<div class=\"wp-block-uagb-container uagb-block-3ea8983b alignfull uagb-is-root-container\"><div class=\"uagb-container-inner-blocks-wrap\">\n<p><\/p>\n\n\n\n<div class=\"wp-block-uagb-container uagb-block-b16870c6\"><\/div>\n\n\n\n<div class=\"wp-block-uagb-container uagb-block-dbf4c6fa\"><\/div>\n<\/div><\/div>\n","protected":false},"excerpt":{"rendered":"<p>C\u00c1C D\u1ecaCH V\u1ee4 T\u1ea0I DONDUONG EVENT DonDuong Event cung c\u1ea5p c\u00e1c h\u1ea1ng m\u1ee5c t\u1ed5 ch\u1ee9c s\u1ef1 ki\u1ec7n chuy\u00ean nghi\u1ec7p, \u0111\u00e1p [&hellip;]<\/p>\n","protected":false},"author":1,"featured_media":0,"parent":0,"menu_order":0,"comment_status":"closed","ping_status":"closed","template":"","meta":{"_uag_custom_page_level_css":"","site-sidebar-layout":"default","site-content-layout":"","ast-site-content-layout":"full-width-container","site-content-style":"default","site-sidebar-style":"default","ast-global-header-display":"","ast-banner-title-visibility":"","ast-main-header-display":"","ast-hfb-above-header-display":"","ast-hfb-below-header-display":"","ast-hfb-mobile-header-display":"","site-post-title":"disabled","ast-breadcrumbs-content":"","ast-featured-img":"","footer-sml-layout":"","ast-disable-related-posts":"","theme-transparent-header-meta":"","adv-header-id-meta":"","stick-header-meta":"","header-above-stick-meta":"","header-main-stick-meta":"","header-below-stick-meta":"","astra-migrate-meta-layouts":"default","ast-page-background-enabled":"default","ast-page-background-meta":{"desktop":{"background-color":"var(--ast-global-color-5)","background-image":"","background-repeat":"repeat","background-position":"center center","background-size":"auto","background-attachment":"scroll","background-type":"","background-media":"","overlay-type":"","overlay-color":"","overlay-opacity":"","overlay-gradient":""},"tablet":{"background-color":"","background-image":"","background-repeat":"repeat","background-position":"center center","background-size":"auto","background-attachment":"scroll","background-type":"","background-media":"","overlay-type":"","overlay-color":"","overlay-opacity":"","overlay-gradient":""},"mobile":{"background-color":"","background-image":"","background-repeat":"repeat","background-position":"center center","background-size":"auto","background-attachment":"scroll","background-type":"","background-media":"","overlay-type":"","overlay-color":"","overlay-opacity":"","overlay-gradient":""}},"ast-content-background-meta":{"desktop":{"background-color":"var(--ast-global-color-4)","background-image":"","background-repeat":"repeat","background-position":"center center","background-size":"auto","background-attachment":"scroll","background-type":"","background-media":"","overlay-type":"","overlay-color":"","overlay-opacity":"","overlay-gradient":""},"tablet":{"background-color":"var(--ast-global-color-4)","background-image":"","background-repeat":"repeat","background-position":"center center","background-size":"auto","background-attachment":"scroll","background-type":"","background-media":"","overlay-type":"","overlay-color":"","overlay-opacity":"","overlay-gradient":""},"mobile":{"background-color":"var(--ast-global-color-4)","background-image":"","background-repeat":"repeat","background-position":"center center","background-size":"auto","background-attachment":"scroll","background-type":"","background-media":"","overlay-type":"","overlay-color":"","overlay-opacity":"","overlay-gradient":""}},"footnotes":""},"class_list":["post-141","page","type-page","status-publish","hentry"],"uagb_featured_image_src":{"full":false,"thumbnail":false,"medium":false,"medium_large":false,"large":false,"1536x1536":false,"2048x2048":false},"uagb_author_info":{"display_name":"admin","author_link":"https:\/\/donduongevent.com\/author\/donduongvent"},"uagb_comment_info":0,"uagb_excerpt":"C\u00c1C D\u1ecaCH V\u1ee4 T\u1ea0I DONDUONG EVENT DonDuong Event cung c\u1ea5p c\u00e1c h\u1ea1ng m\u1ee5c t\u1ed5 ch\u1ee9c s\u1ef1 ki\u1ec7n chuy\u00ean nghi\u1ec7p, \u0111\u00e1p [&hellip;]","_links":{"self":[{"href":"https:\/\/donduongevent.com\/index.php?rest_route=\/wp\/v2\/pages\/141","targetHints":{"allow":["GET"]}}],"collection":[{"href":"https:\/\/donduongevent.com\/index.php?rest_route=\/wp\/v2\/pages"}],"about":[{"href":"https:\/\/donduongevent.com\/index.php?rest_route=\/wp\/v2\/types\/page"}],"author":[{"embeddable":true,"href":"https:\/\/donduongevent.com\/index.php?rest_route=\/wp\/v2\/users\/1"}],"replies":[{"embeddable":true,"href":"https:\/\/donduongevent.com\/index.php?rest_route=%2Fwp%2Fv2%2Fcomments&post=141"}],"version-history":[{"count":43,"href":"https:\/\/donduongevent.com\/index.php?rest_route=\/wp\/v2\/pages\/141\/revisions"}],"predecessor-version":[{"id":422,"href":"https:\/\/donduongevent.com\/index.php?rest_route=\/wp\/v2\/pages\/141\/revisions\/422"}],"wp:attachment":[{"href":"https:\/\/donduongevent.com\/index.php?rest_route=%2Fwp%2Fv2%2Fmedia&parent=141"}],"curies":[{"name":"wp","href":"https:\/\/api.w.org\/{rel}","templated":true}]}}